{"id":18,"date":"2025-03-25T17:15:52","date_gmt":"2025-03-25T17:15:52","guid":{"rendered":"https:\/\/pertenlegal.live-website.com\/?page_id=18"},"modified":"2025-06-26T11:03:50","modified_gmt":"2025-06-26T11:03:50","slug":"wer","status":"publish","type":"page","link":"https:\/\/perten-legal.de\/en\/wer\/","title":{"rendered":"Who"},"content":{"rendered":"<div data-elementor-type=\"wp-page\" data-elementor-id=\"18\" class=\"elementor elementor-18\">\n\t\t\t\t<div class=\"elementor-element elementor-element-b884e45 e-flex e-con-boxed e-con e-parent\" data-id=\"b884e45\" data-element_type=\"container\">\n\t\t\t\t\t<div class=\"e-con-inner\">\n\t\t\t\t<div class=\"elementor-element elementor-element-969b336 animated-fast elementor-widget elementor-widget-heading\" data-id=\"969b336\" data-element_type=\"widget\" data-settings=\"{&quot;_animation&quot;:&quot;none&quot;,&quot;_animation_delay&quot;:0}\" data-widget_type=\"heading.default\">\n\t\t\t\t<div class=\"elementor-widget-container\">\n\t\t\t\t\t<h2 class=\"elementor-heading-title elementor-size-default\">Who<\/h2>\t\t\t\t<\/div>\n\t\t\t\t<\/div>\n\t\t<div class=\"elementor-element elementor-element-e63648a e-flex e-con-boxed e-con e-child\" data-id=\"e63648a\" data-element_type=\"container\">\n\t\t\t\t\t<div class=\"e-con-inner\">\n\t\t<div class=\"elementor-element elementor-element-7f2da94 e-con-full animated-fast e-flex elementor-invisible e-con e-child\" data-id=\"7f2da94\" data-element_type=\"container\" data-settings=\"{&quot;animation&quot;:&quot;fadeInLeft&quot;}\">\n\t\t\t\t<div class=\"elementor-element elementor-element-4169f1b animated-fast elementor-widget elementor-widget-text-editor\" data-id=\"4169f1b\" data-element_type=\"widget\" data-settings=\"{&quot;_animation&quot;:&quot;none&quot;,&quot;_animation_delay&quot;:0,&quot;_animation_mobile&quot;:&quot;fadeInLeft&quot;}\" data-widget_type=\"text-editor.default\">\n\t\t\t\t<div class=\"elementor-widget-container\">\n\t\t\t\t\t\t\t\t\t<p class=\"translation-block\"><strong>Dr. Volker Perten<\/strong> is the driving force behind perten legal.<\/p><p>As a licensed attorney, he brings many years of experience in media and defamation law. He has often observed that communication and law are seen as opposing forces in practice. However, outcomes are often better when communication and law work hand in hand. With this understanding, Dr. Perten advises and represents domestic and international companies, institutions, and individuals in navigating public and media attention.<\/p>\t\t\t\t\t\t\t\t<\/div>\n\t\t\t\t<\/div>\n\t\t\t\t<\/div>\n\t\t<div class=\"elementor-element elementor-element-3aaff70 animated-fast e-flex e-con-boxed elementor-invisible e-con e-child\" data-id=\"3aaff70\" data-element_type=\"container\" data-settings=\"{&quot;animation&quot;:&quot;fadeInRight&quot;}\">\n\t\t\t\t\t<div class=\"e-con-inner\">\n\t\t\t\t<div class=\"elementor-element elementor-element-05774c3 animated-fast elementor-widget-tablet__width-initial elementor-widget__width-initial elementor-widget elementor-widget-image\" data-id=\"05774c3\" data-element_type=\"widget\" data-settings=\"{&quot;_animation&quot;:&quot;none&quot;,&quot;_animation_delay&quot;:0,&quot;_animation_mobile&quot;:&quot;fadeInRight&quot;}\" data-widget_type=\"image.default\">\n\t\t\t\t<div class=\"elementor-widget-container\">\n\t\t\t\t\t\t\t\t\t\t\t\t\t\t\t<img fetchpriority=\"high\" decoding=\"async\" width=\"697\" height=\"1024\" src=\"https:\/\/perten-legal.de\/wp-content\/uploads\/2025\/06\/P2280984-697x1024.jpeg\" class=\"attachment-large size-large wp-image-570\" alt=\"\" srcset=\"https:\/\/perten-legal.de\/wp-content\/uploads\/2025\/06\/P2280984-697x1024.jpeg 697w, https:\/\/perten-legal.de\/wp-content\/uploads\/2025\/06\/P2280984-204x300.jpeg 204w, https:\/\/perten-legal.de\/wp-content\/uploads\/2025\/06\/P2280984-768x1129.jpeg 768w, https:\/\/perten-legal.de\/wp-content\/uploads\/2025\/06\/P2280984-8x12.jpeg 8w, https:\/\/perten-legal.de\/wp-content\/uploads\/2025\/06\/P2280984.jpeg 871w\" sizes=\"(max-width: 697px) 100vw, 697px\" \/>\t\t\t\t\t\t\t\t\t\t\t\t\t\t\t<\/div>\n\t\t\t\t<\/div>\n\t\t\t\t\t<\/div>\n\t\t\t\t<\/div>\n\t\t\t\t\t<\/div>\n\t\t\t\t<\/div>\n\t\t<div class=\"elementor-element elementor-element-9ddf33a e-flex e-con-boxed elementor-invisible e-con e-child\" data-id=\"9ddf33a\" data-element_type=\"container\" id=\"mehrwer\" data-settings=\"{&quot;animation&quot;:&quot;fadeInUp&quot;}\">\n\t\t\t\t\t<div class=\"e-con-inner\">\n\t\t\t\t<div class=\"elementor-element elementor-element-91f614b elementor-widget-mobile__width-initial elementor-widget elementor-widget-heading\" data-id=\"91f614b\" data-element_type=\"widget\" data-settings=\"{&quot;_animation_mobile&quot;:&quot;none&quot;}\" data-widget_type=\"heading.default\">\n\t\t\t\t<div class=\"elementor-widget-container\">\n\t\t\t\t\t<h2 class=\"elementor-heading-title elementor-size-default\">Profile<\/h2>\t\t\t\t<\/div>\n\t\t\t\t<\/div>\n\t\t\t\t<div class=\"elementor-element elementor-element-0b3e8ce elementor-widget-mobile__width-initial elementor-widget elementor-widget-text-editor\" data-id=\"0b3e8ce\" data-element_type=\"widget\" data-settings=\"{&quot;_animation_mobile&quot;:&quot;fadeInUp&quot;}\" data-widget_type=\"text-editor.default\">\n\t\t\t\t<div class=\"elementor-widget-container\">\n\t\t\t\t\t\t\t\t\t<ul><li><div class=\"O4\">Studied law and media law at the Universities of Rostock and Mainz<\/div><\/li><li><div class=\"O4\">Earned a Master of Laws (LL.M.) in Media Law<\/div><\/li><li><p class=\"O4\">Doctorate in public media law, focusing on broadcasting finance, from Goethe University Frankfurt<\/p><\/li><li><div class=\"O4\">Research associate at the Institute for Monetary and Financial Stability, Goethe University Frankfurt<\/div><\/li><li><div class=\"O4\">Attorney at the Hamburg media law firm Prinz Neidhardt Engelschall<\/div><\/li><li><div class=\"O4\">Co-founder of the law firm Prinz L\u00fcssmann Perten, alongside Prof. Dr. Matthias Prinz and Dr. Nina L\u00fcssmann<\/div><\/li><li><div class=\"O4\">Most recently partner for several years in the medium-seized German law firm BUSE<\/div><\/li><li><div class=\"O4\">Workshop leader and former lecturer at Freie Universit\u00e4t Berlin<\/div><\/li><\/ul>\t\t\t\t\t\t\t\t<\/div>\n\t\t\t\t<\/div>\n\t\t\t\t\t<\/div>\n\t\t\t\t<\/div>\n\t\t\t\t<div class=\"elementor-element elementor-element-74c5b18 animated-fast elementor-align-right elementor-widget__width-initial elementor-invisible elementor-widget elementor-widget-button\" data-id=\"74c5b18\" data-element_type=\"widget\" data-settings=\"{&quot;_animation&quot;:&quot;fadeInUp&quot;,&quot;_animation_delay&quot;:0}\" data-widget_type=\"button.default\">\n\t\t\t\t<div class=\"elementor-widget-container\">\n\t\t\t\t\t\t\t\t\t<div class=\"elementor-button-wrapper\">\n\t\t\t\t\t<a class=\"elementor-button elementor-button-link elementor-size-sm\" href=\"https:\/\/perten-legal.de\/en\/#zur\u00fcckhomewer\">\n\t\t\t\t\t\t<span class=\"elementor-button-content-wrapper\">\n\t\t\t\t\t\t\t\t\t<span class=\"elementor-button-text\">back<\/span>\n\t\t\t\t\t<\/span>\n\t\t\t\t\t<\/a>\n\t\t\t\t<\/div>\n\t\t\t\t\t\t\t\t<\/div>\n\t\t\t\t<\/div>\n\t\t\t\t\t<\/div>\n\t\t\t\t<\/div>\n\t\t\t\t<\/div>","protected":false},"excerpt":{"rendered":"<p>Wer Dr. Volker Perten ist der Kopf hinter perten legal. Als zugelassener Rechtsanwalt verf\u00fcgt er \u00fcber langj\u00e4hrige Erfahrung im Bereich [&hellip;]<\/p>","protected":false},"author":1,"featured_media":0,"parent":0,"menu_order":0,"comment_status":"closed","ping_status":"closed","template":"","meta":{"site-sidebar-layout":"no-sidebar","site-content-layout":"","ast-site-content-layout":"full-width-container","site-content-style":"default","site-sidebar-style":"default","ast-global-header-display":"","ast-banner-title-visibility":"","ast-main-header-display":"","ast-hfb-above-header-display":"","ast-hfb-below-header-display":"","ast-hfb-mobile-header-display":"","site-post-title":"disabled","ast-breadcrumbs-content":"","ast-featured-img":"disabled","footer-sml-layout":"","theme-transparent-header-meta":"","adv-header-id-meta":"","stick-header-meta":"","header-above-stick-meta":"","header-main-stick-meta":"","header-below-stick-meta":"","astra-migrate-meta-layouts":"default","ast-page-background-enabled":"default","ast-page-background-meta":{"desktop":{"background-color":"var(--ast-global-color-5)","background-image":"","background-repeat":"repeat","background-position":"center center","background-size":"auto","background-attachment":"scroll","background-type":"","background-media":"","overlay-type":"","overlay-color":"","overlay-opacity":"","overlay-gradient":""},"tablet":{"background-color":"","background-image":"","background-repeat":"repeat","background-position":"center center","background-size":"auto","background-attachment":"scroll","background-type":"","background-media":"","overlay-type":"","overlay-color":"","overlay-opacity":"","overlay-gradient":""},"mobile":{"background-color":"","background-image":"","background-repeat":"repeat","background-position":"center center","background-size":"auto","background-attachment":"scroll","background-type":"","background-media":"","overlay-type":"","overlay-color":"","overlay-opacity":"","overlay-gradient":""}},"ast-content-background-meta":{"desktop":{"background-color":"var(--ast-global-color-4)","background-image":"","background-repeat":"repeat","background-position":"center center","background-size":"auto","background-attachment":"scroll","background-type":"","background-media":"","overlay-type":"","overlay-color":"","overlay-opacity":"","overlay-gradient":""},"tablet":{"background-color":"var(--ast-global-color-4)","background-image":"","background-repeat":"repeat","background-position":"center center","background-size":"auto","background-attachment":"scroll","background-type":"","background-media":"","overlay-type":"","overlay-color":"","overlay-opacity":"","overlay-gradient":""},"mobile":{"background-color":"var(--ast-global-color-4)","background-image":"","background-repeat":"repeat","background-position":"center center","background-size":"auto","background-attachment":"scroll","background-type":"","background-media":"","overlay-type":"","overlay-color":"","overlay-opacity":"","overlay-gradient":""}},"footnotes":""},"class_list":["post-18","page","type-page","status-publish","hentry"],"_links":{"self":[{"href":"https:\/\/perten-legal.de\/en\/wp-json\/wp\/v2\/pages\/18","targetHints":{"allow":["GET"]}}],"collection":[{"href":"https:\/\/perten-legal.de\/en\/wp-json\/wp\/v2\/pages"}],"about":[{"href":"https:\/\/perten-legal.de\/en\/wp-json\/wp\/v2\/types\/page"}],"author":[{"embeddable":true,"href":"https:\/\/perten-legal.de\/en\/wp-json\/wp\/v2\/users\/1"}],"replies":[{"embeddable":true,"href":"https:\/\/perten-legal.de\/en\/wp-json\/wp\/v2\/comments?post=18"}],"version-history":[{"count":95,"href":"https:\/\/perten-legal.de\/en\/wp-json\/wp\/v2\/pages\/18\/revisions"}],"predecessor-version":[{"id":710,"href":"https:\/\/perten-legal.de\/en\/wp-json\/wp\/v2\/pages\/18\/revisions\/710"}],"wp:attachment":[{"href":"https:\/\/perten-legal.de\/en\/wp-json\/wp\/v2\/media?parent=18"}],"curies":[{"name":"wp","href":"https:\/\/api.w.org\/{rel}","templated":true}]}}