{"id":325,"date":"2025-06-13T14:48:01","date_gmt":"2025-06-13T14:48:01","guid":{"rendered":"https:\/\/pertenlegal.live-website.com\/?page_id=325"},"modified":"2025-06-25T13:56:08","modified_gmt":"2025-06-25T13:56:08","slug":"impressum","status":"publish","type":"page","link":"https:\/\/perten-legal.de\/en\/impressum\/","title":{"rendered":"Legal notice"},"content":{"rendered":"<div data-elementor-type=\"wp-page\" data-elementor-id=\"325\" class=\"elementor elementor-325\">\n\t\t\t\t<div class=\"elementor-element elementor-element-cbac0ff e-flex e-con-boxed e-con e-parent\" data-id=\"cbac0ff\" data-element_type=\"container\">\n\t\t\t\t\t<div class=\"e-con-inner\">\n\t\t\t\t<div class=\"elementor-element elementor-element-e5b971d animated-slow elementor-widget-mobile__width-initial elementor-widget elementor-widget-heading\" data-id=\"e5b971d\" data-element_type=\"widget\" data-settings=\"{&quot;_animation&quot;:&quot;none&quot;,&quot;_animation_delay&quot;:100}\" data-widget_type=\"heading.default\">\n\t\t\t\t<div class=\"elementor-widget-container\">\n\t\t\t\t\t<h2 class=\"elementor-heading-title elementor-size-default\">Legal notice<\/h2>\t\t\t\t<\/div>\n\t\t\t\t<\/div>\n\t\t\t\t<div class=\"elementor-element elementor-element-60297f2 elementor-widget__width-initial animated-slow elementor-invisible elementor-widget elementor-widget-text-editor\" data-id=\"60297f2\" data-element_type=\"widget\" data-settings=\"{&quot;_animation&quot;:&quot;fadeInDown&quot;,&quot;_animation_delay&quot;:100}\" data-widget_type=\"text-editor.default\">\n\t\t\t\t<div class=\"elementor-widget-container\">\n\t\t\t\t\t\t\t\t\t<p><strong>perten legal<\/strong><\/p><p><strong>Rechtsanwalt Dr. Volker Perten LL.M.<\/strong><\/p><p>\u00a0<\/p><p>Tesdorpfstr. 11<br \/>20148 Hamburg<br \/>Germany<\/p><p>\u00a0<\/p><p>Phone: <span style=\"color: #333333;\"><a style=\"color: #333333;\" href=\"tel:\">+49 <span style=\"color: #333333;\">4060814101<\/span><\/a><\/span><br \/>Mail: <span style=\"color: #333333;\"><a style=\"color: #333333;\" href=\"mailto:info@perten-legal.de\">info@perten-legal.de<\/a><\/span><br \/>Website:\u00a0www.perten-legal.de<br \/>USt-ID: DE453014557<\/p><p>\u00a0<\/p><p><strong>Professional Indemnity Insurance:<\/strong><\/p><p>\u00a0<\/p><p>andsafe AG<br \/>Provinzial-Allee 1<\/p><p>48159 M\u00fcnster<\/p><p>\u00a0<\/p><p>The insurance covers all legal advice under German and European law.<\/p><p>\u00a0<\/p><p><strong>Bar Association:<\/strong><\/p><p>\u00a0<\/p><p>Hanseatische Rechtsanwaltskammer Hamburg<br \/>Valentinskamp 88<br \/>20355 Hamburg<\/p><p>\u00a0<\/p><p>T +49 (0)40 35 74 41-0<br \/>F +49 (0)40 35 74 41-41<br \/>W\u00a0<span style=\"color: #000000;\"><a style=\"color: #000000;\" href=\"http:\/\/www.rechtsanwaltskammerhamburg.de\">www.rechtsanwaltskammerhamburg.de<\/a><\/span><\/p><p>\u00a0<\/p><p>Applicable Professional Rules:<\/p><p>Bundesrechtsanwaltsordnung (BRAO)<br \/>Berufsordnung f\u00fcr Rechtsanw\u00e4lte (BORA)<br \/>Bundesgeb\u00fchrenordnung f\u00fcr Rechtsanw\u00e4lte (BRAGO)<br \/>Rechtsanwaltsverg\u00fctungsgesetz (RVG)<br \/>You can find the legal texts at\u00a0<span style=\"color: #000000;\"><a style=\"color: #000000;\" href=\"https:\/\/www.brak.de\">www.brak.de<\/a><\/span><\/p><p>\u00a0<\/p><p><strong>Dispute Resolution:<\/strong><\/p><p>\u00a0<\/p><p>Platform of the EU-Commission for online dispute resolution:<\/p><p><span style=\"color: #000000;\"><a style=\"color: #000000;\" href=\"https:\/\/ec.europa.eu\/consumers\/odr\/main\/index.cfm?event=main.home.chooseLanguage\">www.ec.europa.eu\/consumers\/odr<\/a><\/span><\/p><p>\u00a0<\/p><p>We are neither obliged nor willing to participate in dispute resolution schemes at a consumer-dispute resolution body.<\/p><p>\u00a0<\/p><p>The contents of this website have been carefully drafted. We do not assume responsibility for its actuality, completeness and correctness, however. We have no influence on the content of other websites that we link to and decline responsibility insofar. At the time of installing the link, potential violations of law were not ascertainable for us. Upon gaining knowledge of such violations of law we will delete the respective link instantly.<\/p><p>\u00a0<\/p><p>The contents published on our website are protected by copyright. Use of such content requires our written consent. This does not apply to content that is provided as a download.<\/p>\t\t\t\t\t\t\t\t<\/div>\n\t\t\t\t<\/div>\n\t\t\t\t\t<\/div>\n\t\t\t\t<\/div>\n\t\t\t\t<\/div>","protected":false},"excerpt":{"rendered":"<p>Impressum perten legal Rechtsanwalt Dr. Volker Perten LL.M. \u00a0 Tesdorpfstr. 1120148 HamburgDeutschland \u00a0 Phone: +49 4060814101Mail: info@perten-legal.deWebsite:\u00a0www.perten-legal.deUSt-ID: DE453014557 \u00a0 Berufshaftpflichtversicherung: [&hellip;]<\/p>","protected":false},"author":1,"featured_media":0,"parent":0,"menu_order":0,"comment_status":"closed","ping_status":"closed","template":"","meta":{"site-sidebar-layout":"no-sidebar","site-content-layout":"","ast-site-content-layout":"full-width-container","site-content-style":"default","site-sidebar-style":"default","ast-global-header-display":"","ast-banner-title-visibility":"","ast-main-header-display":"","ast-hfb-above-header-display":"","ast-hfb-below-header-display":"","ast-hfb-mobile-header-display":"","site-post-title":"disabled","ast-breadcrumbs-content":"","ast-featured-img":"disabled","footer-sml-layout":"","theme-transparent-header-meta":"","adv-header-id-meta":"","stick-header-meta":"","header-above-stick-meta":"","header-main-stick-meta":"","header-below-stick-meta":"","astra-migrate-meta-layouts":"default","ast-page-background-enabled":"default","ast-page-background-meta":{"desktop":{"background-color":"var(--ast-global-color-5)","background-image":"","background-repeat":"repeat","background-position":"center center","background-size":"auto","background-attachment":"scroll","background-type":"","background-media":"","overlay-type":"","overlay-color":"","overlay-opacity":"","overlay-gradient":""},"tablet":{"background-color":"","background-image":"","background-repeat":"repeat","background-position":"center center","background-size":"auto","background-attachment":"scroll","background-type":"","background-media":"","overlay-type":"","overlay-color":"","overlay-opacity":"","overlay-gradient":""},"mobile":{"background-color":"","background-image":"","background-repeat":"repeat","background-position":"center center","background-size":"auto","background-attachment":"scroll","background-type":"","background-media":"","overlay-type":"","overlay-color":"","overlay-opacity":"","overlay-gradient":""}},"ast-content-background-meta":{"desktop":{"background-color":"var(--ast-global-color-4)","background-image":"","background-repeat":"repeat","background-position":"center center","background-size":"auto","background-attachment":"scroll","background-type":"","background-media":"","overlay-type":"","overlay-color":"","overlay-opacity":"","overlay-gradient":""},"tablet":{"background-color":"var(--ast-global-color-4)","background-image":"","background-repeat":"repeat","background-position":"center center","background-size":"auto","background-attachment":"scroll","background-type":"","background-media":"","overlay-type":"","overlay-color":"","overlay-opacity":"","overlay-gradient":""},"mobile":{"background-color":"var(--ast-global-color-4)","background-image":"","background-repeat":"repeat","background-position":"center center","background-size":"auto","background-attachment":"scroll","background-type":"","background-media":"","overlay-type":"","overlay-color":"","overlay-opacity":"","overlay-gradient":""}},"footnotes":""},"class_list":["post-325","page","type-page","status-publish","hentry"],"_links":{"self":[{"href":"https:\/\/perten-legal.de\/en\/wp-json\/wp\/v2\/pages\/325","targetHints":{"allow":["GET"]}}],"collection":[{"href":"https:\/\/perten-legal.de\/en\/wp-json\/wp\/v2\/pages"}],"about":[{"href":"https:\/\/perten-legal.de\/en\/wp-json\/wp\/v2\/types\/page"}],"author":[{"embeddable":true,"href":"https:\/\/perten-legal.de\/en\/wp-json\/wp\/v2\/users\/1"}],"replies":[{"embeddable":true,"href":"https:\/\/perten-legal.de\/en\/wp-json\/wp\/v2\/comments?post=325"}],"version-history":[{"count":39,"href":"https:\/\/perten-legal.de\/en\/wp-json\/wp\/v2\/pages\/325\/revisions"}],"predecessor-version":[{"id":667,"href":"https:\/\/perten-legal.de\/en\/wp-json\/wp\/v2\/pages\/325\/revisions\/667"}],"wp:attachment":[{"href":"https:\/\/perten-legal.de\/en\/wp-json\/wp\/v2\/media?parent=325"}],"curies":[{"name":"wp","href":"https:\/\/api.w.org\/{rel}","templated":true}]}}